{"id":662,"date":"2022-03-10T12:48:47","date_gmt":"2022-03-10T10:48:47","guid":{"rendered":"https:\/\/primerate-printing.code4flow.com\/?page_id=662"},"modified":"2024-06-18T13:10:44","modified_gmt":"2024-06-18T11:10:44","slug":"creative-solutions","status":"publish","type":"page","link":"https:\/\/primerate-printing.code4flow.com\/de\/kreativloesungen\/","title":{"rendered":"Unsere Kreativl\u00f6sungen"},"content":{"rendered":"<div data-elementor-type=\"wp-page\" data-elementor-id=\"662\" class=\"elementor elementor-662\" data-elementor-post-type=\"page\">\n\t\t\t\t\t\t<section class=\"elementor-section elementor-top-section elementor-element elementor-element-edab935 elementor-section-boxed elementor-section-height-default elementor-section-height-default\" data-id=\"edab935\" data-element_type=\"section\" data-settings=\"{&quot;background_background&quot;:&quot;classic&quot;}\">\n\t\t\t\t\t\t<div class=\"elementor-container elementor-column-gap-default\">\n\t\t\t\t\t<div class=\"elementor-column elementor-col-100 elementor-top-column elementor-element elementor-element-ee028e6\" data-id=\"ee028e6\" data-element_type=\"column\">\n\t\t\t<div class=\"elementor-widget-wrap elementor-element-populated\">\n\t\t\t\t\t\t<div class=\"elementor-element elementor-element-ccee219 elementor-invisible elementor-widget elementor-widget-heading\" data-id=\"ccee219\" data-element_type=\"widget\" data-settings=\"{&quot;_animation&quot;:&quot;fadeIn&quot;,&quot;_animation_tablet&quot;:&quot;fadeIn&quot;}\" data-widget_type=\"heading.default\">\n\t\t\t\t<div class=\"elementor-widget-container\">\n\t\t\t\t\t<h1 class=\"elementor-heading-title elementor-size-default\">Unsere Kreativl\u00f6sungen<\/h1>\t\t\t\t<\/div>\n\t\t\t\t<\/div>\n\t\t\t\t\t<\/div>\n\t\t<\/div>\n\t\t\t\t\t<\/div>\n\t\t<\/section>\n\t\t\t\t<section class=\"elementor-section elementor-top-section elementor-element elementor-element-fa0e1f6 elementor-section-boxed elementor-section-height-default elementor-section-height-default\" data-id=\"fa0e1f6\" data-element_type=\"section\">\n\t\t\t\t\t\t<div class=\"elementor-container elementor-column-gap-default\">\n\t\t\t\t\t<div class=\"elementor-column elementor-col-50 elementor-top-column elementor-element elementor-element-66723473\" data-id=\"66723473\" data-element_type=\"column\">\n\t\t\t<div class=\"elementor-widget-wrap elementor-element-populated\">\n\t\t\t\t\t\t<div class=\"elementor-element elementor-element-4b9a0da5 elementor-widget elementor-widget-image\" data-id=\"4b9a0da5\" data-element_type=\"widget\" data-widget_type=\"image.default\">\n\t\t\t\t<div class=\"elementor-widget-container\">\n\t\t\t\t\t\t\t\t\t\t\t\t\t\t\t\t<a href=\"https:\/\/primerate-printing.code4flow.com\/de\/kreativloesungen\/oberflaechenveredelung-uv-3d-lack-folienpraegung\/\">\n\t\t\t\t\t\t\t<img fetchpriority=\"high\" decoding=\"async\" width=\"450\" height=\"290\" src=\"https:\/\/primerate-printing.code4flow.com\/wp-content\/uploads\/2022\/06\/kulonleges-feluletnemesites.jpg\" class=\"attachment-full size-full wp-image-7471\" alt=\"kreat\u00edv nyomdai megold\u00e1sok: fel\u00fcletnemes\u00edt\u00e9s\" srcset=\"https:\/\/primerate-printing.code4flow.com\/wp-content\/uploads\/2022\/06\/kulonleges-feluletnemesites.jpg 450w, https:\/\/primerate-printing.code4flow.com\/wp-content\/uploads\/2022\/06\/kulonleges-feluletnemesites-300x193.jpg 300w\" sizes=\"(max-width: 450px) 100vw, 450px\" \/>\t\t\t\t\t\t\t\t<\/a>\n\t\t\t\t\t\t\t\t\t\t\t\t\t\t\t<\/div>\n\t\t\t\t<\/div>\n\t\t\t\t<div class=\"elementor-element elementor-element-67891ca2 elementor-widget elementor-widget-heading\" data-id=\"67891ca2\" data-element_type=\"widget\" data-widget_type=\"heading.default\">\n\t\t\t\t<div class=\"elementor-widget-container\">\n\t\t\t\t\t<h5 class=\"elementor-heading-title elementor-size-default\"><a href=\"https:\/\/primerate-printing.code4flow.com\/de\/kreativloesungen\/oberflaechenveredelung-uv-3d-lack-folienpraegung\/\">Oberfl\u00e4chenveredelungen<\/a><\/h5>\t\t\t\t<\/div>\n\t\t\t\t<\/div>\n\t\t\t\t<div class=\"elementor-element elementor-element-df5f525 elementor-widget elementor-widget-text-editor\" data-id=\"df5f525\" data-element_type=\"widget\" data-widget_type=\"text-editor.default\">\n\t\t\t\t<div class=\"elementor-widget-container\">\n\t\t\t\t\t\t\t\t\t<p>Bei der 3D-Lackierung handelt es sich um ein spezielles Druckverfahren, das die Bilder auf dem Papier tastbar und fast lebendig macht. Und Scodix-Metallfolie ist ein neues digitales Oberfl\u00e4chenveredelungsverfahren, mit dem der gew\u00fcnschte Gold- und Silberdruck digital eingestellt werden kann, ohne dass ein Werkzeug oder eine herk\u00f6mmliche Pr\u00e4gung erforderlich ist.<\/p>\t\t\t\t\t\t\t\t<\/div>\n\t\t\t\t<\/div>\n\t\t\t\t<div class=\"elementor-element elementor-element-37f4e12 elementor-widget elementor-widget-button\" data-id=\"37f4e12\" data-element_type=\"widget\" data-widget_type=\"button.default\">\n\t\t\t\t<div class=\"elementor-widget-container\">\n\t\t\t\t\t\t\t\t\t<div class=\"elementor-button-wrapper\">\n\t\t\t\t\t<a class=\"elementor-button elementor-button-link elementor-size-sm\" href=\"https:\/\/primerate-printing.code4flow.com\/de\/kreativloesungen\/oberflaechenveredelung-uv-3d-lack-folienpraegung\/\">\n\t\t\t\t\t\t<span class=\"elementor-button-content-wrapper\">\n\t\t\t\t\t\t<span class=\"elementor-button-icon\">\n\t\t\t\t<i aria-hidden=\"true\" class=\"icon icon-double-angle-pointing-to-right\"><\/i>\t\t\t<\/span>\n\t\t\t\t\t\t\t\t\t<span class=\"elementor-button-text\">Ich will mehr erfahren<\/span>\n\t\t\t\t\t<\/span>\n\t\t\t\t\t<\/a>\n\t\t\t\t<\/div>\n\t\t\t\t\t\t\t\t<\/div>\n\t\t\t\t<\/div>\n\t\t\t\t\t<\/div>\n\t\t<\/div>\n\t\t\t\t<div class=\"elementor-column elementor-col-50 elementor-top-column elementor-element elementor-element-52751512\" data-id=\"52751512\" data-element_type=\"column\">\n\t\t\t<div class=\"elementor-widget-wrap elementor-element-populated\">\n\t\t\t\t\t\t<div class=\"elementor-element elementor-element-525ac041 elementor-widget elementor-widget-image\" data-id=\"525ac041\" data-element_type=\"widget\" data-widget_type=\"image.default\">\n\t\t\t\t<div class=\"elementor-widget-container\">\n\t\t\t\t\t\t\t\t\t\t\t\t\t\t\t\t<a href=\"https:\/\/primerate-printing.code4flow.com\/de\/kreativloesungen\/lasertechnologie-laserschnitt\/\">\n\t\t\t\t\t\t\t<img decoding=\"async\" width=\"450\" height=\"290\" data-src=\"https:\/\/primerate-printing.code4flow.com\/wp-content\/uploads\/2022\/06\/Lezervagott2.jpg\" class=\"attachment-large size-large wp-image-7472 lazyload\" alt=\"kreat\u00edv nyomdai megold\u00e1sok: l\u00e9zerv\u00e1g\u00e1s\" data-srcset=\"https:\/\/primerate-printing.code4flow.com\/wp-content\/uploads\/2022\/06\/Lezervagott2.jpg 450w, https:\/\/primerate-printing.code4flow.com\/wp-content\/uploads\/2022\/06\/Lezervagott2-300x193.jpg 300w\" data-sizes=\"(max-width: 450px) 100vw, 450px\" src=\"data:image\/svg+xml;base64,PHN2ZyB3aWR0aD0iMSIgaGVpZ2h0PSIxIiB4bWxucz0iaHR0cDovL3d3dy53My5vcmcvMjAwMC9zdmciPjwvc3ZnPg==\" style=\"--smush-placeholder-width: 450px; --smush-placeholder-aspect-ratio: 450\/290;\" \/>\t\t\t\t\t\t\t\t<\/a>\n\t\t\t\t\t\t\t\t\t\t\t\t\t\t\t<\/div>\n\t\t\t\t<\/div>\n\t\t\t\t<div class=\"elementor-element elementor-element-5145915 elementor-widget elementor-widget-heading\" data-id=\"5145915\" data-element_type=\"widget\" data-widget_type=\"heading.default\">\n\t\t\t\t<div class=\"elementor-widget-container\">\n\t\t\t\t\t<h5 class=\"elementor-heading-title elementor-size-default\"><a href=\"https:\/\/primerate-printing.code4flow.com\/de\/kreativloesungen\/lasertechnologie-laserschnitt\/\">Lasertechnologie \n<\/a><\/h5>\t\t\t\t<\/div>\n\t\t\t\t<\/div>\n\t\t\t\t<div class=\"elementor-element elementor-element-2eff7b3d elementor-widget elementor-widget-text-editor\" data-id=\"2eff7b3d\" data-element_type=\"widget\" data-widget_type=\"text-editor.default\">\n\t\t\t\t<div class=\"elementor-widget-container\">\n\t\t\t\t\t\t\t\t\t<p>Motion Cutter ist eine revolution\u00e4re neue und digitale Lasertechnologie, die erm\u00f6glicht, beliebige Formen zu stanzen. Als Druckmedium kann Papier von verschiedenstem Typ und Grammatur verwendet werden. Neben dem Stanzen kann die Oberfl\u00e4che auch gerillt und graviert werden, was man in der digitalen Datei einfach einstellen kann.<\/p>\t\t\t\t\t\t\t\t<\/div>\n\t\t\t\t<\/div>\n\t\t\t\t<div class=\"elementor-element elementor-element-3ab3d80a elementor-widget elementor-widget-button\" data-id=\"3ab3d80a\" data-element_type=\"widget\" data-widget_type=\"button.default\">\n\t\t\t\t<div class=\"elementor-widget-container\">\n\t\t\t\t\t\t\t\t\t<div class=\"elementor-button-wrapper\">\n\t\t\t\t\t<a class=\"elementor-button elementor-button-link elementor-size-sm\" href=\"https:\/\/primerate-printing.code4flow.com\/de\/kreativloesungen\/lasertechnologie-laserschnitt\/\">\n\t\t\t\t\t\t<span class=\"elementor-button-content-wrapper\">\n\t\t\t\t\t\t<span class=\"elementor-button-icon\">\n\t\t\t\t<i aria-hidden=\"true\" class=\"icon icon-double-angle-pointing-to-right\"><\/i>\t\t\t<\/span>\n\t\t\t\t\t\t\t\t\t<span class=\"elementor-button-text\">Ich will mehr erfahren<\/span>\n\t\t\t\t\t<\/span>\n\t\t\t\t\t<\/a>\n\t\t\t\t<\/div>\n\t\t\t\t\t\t\t\t<\/div>\n\t\t\t\t<\/div>\n\t\t\t\t\t<\/div>\n\t\t<\/div>\n\t\t\t\t\t<\/div>\n\t\t<\/section>\n\t\t\t\t<section class=\"elementor-section elementor-top-section elementor-element elementor-element-64b93845 elementor-section-boxed elementor-section-height-default elementor-section-height-default\" data-id=\"64b93845\" data-element_type=\"section\">\n\t\t\t\t\t\t<div class=\"elementor-container elementor-column-gap-default\">\n\t\t\t\t\t<div class=\"elementor-column elementor-col-50 elementor-top-column elementor-element elementor-element-4e99ced5\" data-id=\"4e99ced5\" data-element_type=\"column\">\n\t\t\t<div class=\"elementor-widget-wrap elementor-element-populated\">\n\t\t\t\t\t\t<div class=\"elementor-element elementor-element-15b45dff elementor-widget elementor-widget-image\" data-id=\"15b45dff\" data-element_type=\"widget\" data-widget_type=\"image.default\">\n\t\t\t\t<div class=\"elementor-widget-container\">\n\t\t\t\t\t\t\t\t\t\t\t\t\t\t\t\t<a href=\"https:\/\/primerate-printing.code4flow.com\/de\/kreativloesungen\/smart-dm-sendungen-direct-mail\/\">\n\t\t\t\t\t\t\t<img decoding=\"async\" width=\"450\" height=\"290\" data-src=\"https:\/\/primerate-printing.code4flow.com\/wp-content\/uploads\/2022\/06\/papirmechanikas-trukkok.jpg\" class=\"attachment-large size-large wp-image-7474 lazyload\" alt=\"kreat\u00edv nyomdai megold\u00e1sok: pap\u00edrmechnanik\u00e1s tr\u00fckk\u00f6k\" data-srcset=\"https:\/\/primerate-printing.code4flow.com\/wp-content\/uploads\/2022\/06\/papirmechanikas-trukkok.jpg 450w, https:\/\/primerate-printing.code4flow.com\/wp-content\/uploads\/2022\/06\/papirmechanikas-trukkok-300x193.jpg 300w\" data-sizes=\"(max-width: 450px) 100vw, 450px\" src=\"data:image\/svg+xml;base64,PHN2ZyB3aWR0aD0iMSIgaGVpZ2h0PSIxIiB4bWxucz0iaHR0cDovL3d3dy53My5vcmcvMjAwMC9zdmciPjwvc3ZnPg==\" style=\"--smush-placeholder-width: 450px; --smush-placeholder-aspect-ratio: 450\/290;\" \/>\t\t\t\t\t\t\t\t<\/a>\n\t\t\t\t\t\t\t\t\t\t\t\t\t\t\t<\/div>\n\t\t\t\t<\/div>\n\t\t\t\t<div class=\"elementor-element elementor-element-247d4485 elementor-widget elementor-widget-heading\" data-id=\"247d4485\" data-element_type=\"widget\" data-widget_type=\"heading.default\">\n\t\t\t\t<div class=\"elementor-widget-container\">\n\t\t\t\t\t<h5 class=\"elementor-heading-title elementor-size-default\"><a href=\"https:\/\/primerate-printing.code4flow.com\/de\/kreativloesungen\/smart-dm-sendungen-direct-mail\/\">Smart-DM-Sendungen<\/a><\/h5>\t\t\t\t<\/div>\n\t\t\t\t<\/div>\n\t\t\t\t<div class=\"elementor-element elementor-element-2c2fdc24 elementor-widget elementor-widget-text-editor\" data-id=\"2c2fdc24\" data-element_type=\"widget\" data-widget_type=\"text-editor.default\">\n\t\t\t\t<div class=\"elementor-widget-container\">\n\t\t\t\t\t\t\t\t\t<p>Bei gedruckten Marketing-Instrumenten geht es vor allem darum, Aufmerksamkeit zu erregen und Ihre Botschaft wirksam zu vermitteln. Papiermechanische L\u00f6sungen sind in diesem Bereich bei weitem die effektivsten Werkzeuge. Wenn Sie wirklich ansprechend und unvergesslich kommunizieren wollen, sind Smart-DMs die beste Wahl.<\/p>\t\t\t\t\t\t\t\t<\/div>\n\t\t\t\t<\/div>\n\t\t\t\t<div class=\"elementor-element elementor-element-567ce20b elementor-widget elementor-widget-button\" data-id=\"567ce20b\" data-element_type=\"widget\" data-widget_type=\"button.default\">\n\t\t\t\t<div class=\"elementor-widget-container\">\n\t\t\t\t\t\t\t\t\t<div class=\"elementor-button-wrapper\">\n\t\t\t\t\t<a class=\"elementor-button elementor-button-link elementor-size-sm\" href=\"https:\/\/primerate-printing.code4flow.com\/de\/kreativloesungen\/smart-dm-sendungen-direct-mail\/\">\n\t\t\t\t\t\t<span class=\"elementor-button-content-wrapper\">\n\t\t\t\t\t\t<span class=\"elementor-button-icon\">\n\t\t\t\t<i aria-hidden=\"true\" class=\"icon icon-double-angle-pointing-to-right\"><\/i>\t\t\t<\/span>\n\t\t\t\t\t\t\t\t\t<span class=\"elementor-button-text\">Ich will mehr erfahren<\/span>\n\t\t\t\t\t<\/span>\n\t\t\t\t\t<\/a>\n\t\t\t\t<\/div>\n\t\t\t\t\t\t\t\t<\/div>\n\t\t\t\t<\/div>\n\t\t\t\t\t<\/div>\n\t\t<\/div>\n\t\t\t\t<div class=\"elementor-column elementor-col-50 elementor-top-column elementor-element elementor-element-6bb27496\" data-id=\"6bb27496\" data-element_type=\"column\">\n\t\t\t<div class=\"elementor-widget-wrap\">\n\t\t\t\t\t\t\t<\/div>\n\t\t<\/div>\n\t\t\t\t\t<\/div>\n\t\t<\/section>\n\t\t\t\t<\/div>","protected":false},"excerpt":{"rendered":"<p>Creative solutions 3D UV foiling 3D varnishing is a special printing process that makes images on paper tactile, almost come to life. Scodix embossed foil is a new digital surface finishing process, in which the desired gold or silver print can be set in the digital file without tooling and classic embossing. I&#8217;m interested Motion [&hellip;]<\/p>","protected":false},"author":2,"featured_media":0,"parent":0,"menu_order":0,"comment_status":"closed","ping_status":"closed","template":"elementor_header_footer","meta":{"footnotes":""},"class_list":["post-662","page","type-page","status-publish","hentry"],"yoast_head":"<!-- This site is optimized with the Yoast SEO plugin v26.4 - https:\/\/yoast.com\/wordpress\/plugins\/seo\/ -->\n<title>Creative solutions - PrimeRate Printing<\/title>\n<meta name=\"robots\" content=\"noindex, follow, max-snippet:-1, max-image-preview:large, max-video-preview:-1\" \/>\n<meta property=\"og:locale\" content=\"de_DE\" \/>\n<meta property=\"og:type\" content=\"article\" \/>\n<meta property=\"og:title\" content=\"Creative solutions - PrimeRate Printing\" \/>\n<meta property=\"og:description\" content=\"Creative solutions 3D UV foiling 3D varnishing is a special printing process that makes images on paper tactile, almost come to life. Scodix embossed foil is a new digital surface finishing process, in which the desired gold or silver print can be set in the digital file without tooling and classic embossing. I&#8217;m interested Motion [&hellip;]\" \/>\n<meta property=\"og:url\" content=\"https:\/\/primerate-printing.code4flow.com\/de\/kreativloesungen\/\" \/>\n<meta property=\"og:site_name\" content=\"PrimeRate Printing\" \/>\n<meta property=\"article:modified_time\" content=\"2024-06-18T11:10:44+00:00\" \/>\n<meta property=\"og:image\" content=\"https:\/\/primerate-printing.code4flow.com\/wp-content\/uploads\/2022\/06\/kulonleges-feluletnemesites.jpg\" \/>\n<meta name=\"twitter:card\" content=\"summary_large_image\" \/>\n<meta name=\"twitter:label1\" content=\"Gesch\u00e4tzte Lesezeit\" \/>\n\t<meta name=\"twitter:data1\" content=\"2\u00a0Minuten\" \/>\n<script type=\"application\/ld+json\" class=\"yoast-schema-graph\">{\"@context\":\"https:\/\/schema.org\",\"@graph\":[{\"@type\":\"WebPage\",\"@id\":\"https:\/\/primerate-printing.code4flow.com\/creative-solutions\/\",\"url\":\"https:\/\/primerate-printing.code4flow.com\/creative-solutions\/\",\"name\":\"Creative solutions - PrimeRate Printing\",\"isPartOf\":{\"@id\":\"https:\/\/primerate-printing.code4flow.com\/#website\"},\"primaryImageOfPage\":{\"@id\":\"https:\/\/primerate-printing.code4flow.com\/creative-solutions\/#primaryimage\"},\"image\":{\"@id\":\"https:\/\/primerate-printing.code4flow.com\/creative-solutions\/#primaryimage\"},\"thumbnailUrl\":\"https:\/\/primerate-printing.code4flow.com\/wp-content\/uploads\/2022\/06\/kulonleges-feluletnemesites.jpg\",\"datePublished\":\"2022-03-10T10:48:47+00:00\",\"dateModified\":\"2024-06-18T11:10:44+00:00\",\"inLanguage\":\"de\",\"potentialAction\":[{\"@type\":\"ReadAction\",\"target\":[\"https:\/\/primerate-printing.code4flow.com\/creative-solutions\/\"]}]},{\"@type\":\"ImageObject\",\"inLanguage\":\"de\",\"@id\":\"https:\/\/primerate-printing.code4flow.com\/creative-solutions\/#primaryimage\",\"url\":\"https:\/\/primerate-printing.code4flow.com\/wp-content\/uploads\/2022\/06\/kulonleges-feluletnemesites.jpg\",\"contentUrl\":\"https:\/\/primerate-printing.code4flow.com\/wp-content\/uploads\/2022\/06\/kulonleges-feluletnemesites.jpg\"},{\"@type\":\"WebSite\",\"@id\":\"https:\/\/primerate-printing.code4flow.com\/#website\",\"url\":\"https:\/\/primerate-printing.code4flow.com\/\",\"name\":\"PrimeRate Printing\",\"description\":\"Full range of printing services\",\"publisher\":{\"@id\":\"https:\/\/primerate-printing.code4flow.com\/#organization\"},\"potentialAction\":[{\"@type\":\"SearchAction\",\"target\":{\"@type\":\"EntryPoint\",\"urlTemplate\":\"https:\/\/primerate-printing.code4flow.com\/?s={search_term_string}\"},\"query-input\":{\"@type\":\"PropertyValueSpecification\",\"valueRequired\":true,\"valueName\":\"search_term_string\"}}],\"inLanguage\":\"de\"},{\"@type\":\"Organization\",\"@id\":\"https:\/\/primerate-printing.code4flow.com\/#organization\",\"name\":\"PrimeRate Printing\",\"url\":\"https:\/\/primerate-printing.code4flow.com\/\",\"logo\":{\"@type\":\"ImageObject\",\"inLanguage\":\"de\",\"@id\":\"https:\/\/primerate-printing.code4flow.com\/#\/schema\/logo\/image\/\",\"url\":\"https:\/\/primerate-printing.code4flow.com\/wp-content\/uploads\/2022\/03\/primerate_white.png\",\"contentUrl\":\"https:\/\/primerate-printing.code4flow.com\/wp-content\/uploads\/2022\/03\/primerate_white.png\",\"width\":1103,\"height\":209,\"caption\":\"PrimeRate Printing\"},\"image\":{\"@id\":\"https:\/\/primerate-printing.code4flow.com\/#\/schema\/logo\/image\/\"}}]}<\/script>\n<!-- \/ Yoast SEO plugin. -->","yoast_head_json":{"title":"Creative solutions - PrimeRate Printing","robots":{"index":"noindex","follow":"follow","max-snippet":"max-snippet:-1","max-image-preview":"max-image-preview:large","max-video-preview":"max-video-preview:-1"},"og_locale":"de_DE","og_type":"article","og_title":"Creative solutions - PrimeRate Printing","og_description":"Creative solutions 3D UV foiling 3D varnishing is a special printing process that makes images on paper tactile, almost come to life. Scodix embossed foil is a new digital surface finishing process, in which the desired gold or silver print can be set in the digital file without tooling and classic embossing. I&#8217;m interested Motion [&hellip;]","og_url":"https:\/\/primerate-printing.code4flow.com\/de\/kreativloesungen\/","og_site_name":"PrimeRate Printing","article_modified_time":"2024-06-18T11:10:44+00:00","og_image":[{"url":"https:\/\/primerate-printing.code4flow.com\/wp-content\/uploads\/2022\/06\/kulonleges-feluletnemesites.jpg","type":"","width":"","height":""}],"twitter_card":"summary_large_image","twitter_misc":{"Gesch\u00e4tzte Lesezeit":"2\u00a0Minuten"},"schema":{"@context":"https:\/\/schema.org","@graph":[{"@type":"WebPage","@id":"https:\/\/primerate-printing.code4flow.com\/creative-solutions\/","url":"https:\/\/primerate-printing.code4flow.com\/creative-solutions\/","name":"Creative solutions - PrimeRate Printing","isPartOf":{"@id":"https:\/\/primerate-printing.code4flow.com\/#website"},"primaryImageOfPage":{"@id":"https:\/\/primerate-printing.code4flow.com\/creative-solutions\/#primaryimage"},"image":{"@id":"https:\/\/primerate-printing.code4flow.com\/creative-solutions\/#primaryimage"},"thumbnailUrl":"https:\/\/primerate-printing.code4flow.com\/wp-content\/uploads\/2022\/06\/kulonleges-feluletnemesites.jpg","datePublished":"2022-03-10T10:48:47+00:00","dateModified":"2024-06-18T11:10:44+00:00","inLanguage":"de","potentialAction":[{"@type":"ReadAction","target":["https:\/\/primerate-printing.code4flow.com\/creative-solutions\/"]}]},{"@type":"ImageObject","inLanguage":"de","@id":"https:\/\/primerate-printing.code4flow.com\/creative-solutions\/#primaryimage","url":"https:\/\/primerate-printing.code4flow.com\/wp-content\/uploads\/2022\/06\/kulonleges-feluletnemesites.jpg","contentUrl":"https:\/\/primerate-printing.code4flow.com\/wp-content\/uploads\/2022\/06\/kulonleges-feluletnemesites.jpg"},{"@type":"WebSite","@id":"https:\/\/primerate-printing.code4flow.com\/#website","url":"https:\/\/primerate-printing.code4flow.com\/","name":"PrimeRate Printing","description":"Full range of printing services","publisher":{"@id":"https:\/\/primerate-printing.code4flow.com\/#organization"},"potentialAction":[{"@type":"SearchAction","target":{"@type":"EntryPoint","urlTemplate":"https:\/\/primerate-printing.code4flow.com\/?s={search_term_string}"},"query-input":{"@type":"PropertyValueSpecification","valueRequired":true,"valueName":"search_term_string"}}],"inLanguage":"de"},{"@type":"Organization","@id":"https:\/\/primerate-printing.code4flow.com\/#organization","name":"PrimeRate Printing","url":"https:\/\/primerate-printing.code4flow.com\/","logo":{"@type":"ImageObject","inLanguage":"de","@id":"https:\/\/primerate-printing.code4flow.com\/#\/schema\/logo\/image\/","url":"https:\/\/primerate-printing.code4flow.com\/wp-content\/uploads\/2022\/03\/primerate_white.png","contentUrl":"https:\/\/primerate-printing.code4flow.com\/wp-content\/uploads\/2022\/03\/primerate_white.png","width":1103,"height":209,"caption":"PrimeRate Printing"},"image":{"@id":"https:\/\/primerate-printing.code4flow.com\/#\/schema\/logo\/image\/"}}]}},"_links":{"self":[{"href":"https:\/\/primerate-printing.code4flow.com\/de\/wp-json\/wp\/v2\/pages\/662","targetHints":{"allow":["GET"]}}],"collection":[{"href":"https:\/\/primerate-printing.code4flow.com\/de\/wp-json\/wp\/v2\/pages"}],"about":[{"href":"https:\/\/primerate-printing.code4flow.com\/de\/wp-json\/wp\/v2\/types\/page"}],"author":[{"embeddable":true,"href":"https:\/\/primerate-printing.code4flow.com\/de\/wp-json\/wp\/v2\/users\/2"}],"replies":[{"embeddable":true,"href":"https:\/\/primerate-printing.code4flow.com\/de\/wp-json\/wp\/v2\/comments?post=662"}],"version-history":[{"count":143,"href":"https:\/\/primerate-printing.code4flow.com\/de\/wp-json\/wp\/v2\/pages\/662\/revisions"}],"predecessor-version":[{"id":14314,"href":"https:\/\/primerate-printing.code4flow.com\/de\/wp-json\/wp\/v2\/pages\/662\/revisions\/14314"}],"wp:attachment":[{"href":"https:\/\/primerate-printing.code4flow.com\/de\/wp-json\/wp\/v2\/media?parent=662"}],"curies":[{"name":"wp","href":"https:\/\/api.w.org\/{rel}","templated":true}]}}