{"id":11934,"date":"2023-10-12T15:52:08","date_gmt":"2023-10-12T13:52:08","guid":{"rendered":"https:\/\/primerate-printing.code4flow.com\/?page_id=11934"},"modified":"2024-06-18T18:57:35","modified_gmt":"2024-06-18T16:57:35","slug":"guide-to-prepare-your-print-ready-pdf-2","status":"publish","type":"page","link":"https:\/\/primerate-printing.code4flow.com\/de\/anleitung-zur-datenabgabe-2\/","title":{"rendered":"Guide to prepare your print-ready PDF 2"},"content":{"rendered":"<div data-elementor-type=\"wp-page\" data-elementor-id=\"11934\" class=\"elementor elementor-11934\" data-elementor-post-type=\"page\">\n\t\t\t\t\t\t<section class=\"elementor-section elementor-top-section elementor-element elementor-element-9d4bdb6 elementor-section-boxed elementor-section-height-default elementor-section-height-default\" data-id=\"9d4bdb6\" data-element_type=\"section\" data-settings=\"{&quot;background_background&quot;:&quot;classic&quot;}\">\n\t\t\t\t\t\t<div class=\"elementor-container elementor-column-gap-default\">\n\t\t\t\t\t<div class=\"elementor-column elementor-col-100 elementor-top-column elementor-element elementor-element-8ae7abe\" data-id=\"8ae7abe\" data-element_type=\"column\">\n\t\t\t<div class=\"elementor-widget-wrap elementor-element-populated\">\n\t\t\t\t\t\t<div class=\"elementor-element elementor-element-eb11bbf elementor-invisible elementor-widget elementor-widget-heading\" data-id=\"eb11bbf\" data-element_type=\"widget\" data-settings=\"{&quot;_animation&quot;:&quot;fadeIn&quot;,&quot;_animation_tablet&quot;:&quot;fadeIn&quot;}\" data-widget_type=\"heading.default\">\n\t\t\t\t<div class=\"elementor-widget-container\">\n\t\t\t\t\t<h1 class=\"elementor-heading-title elementor-size-default\">Anleitung zur Datenabgabe<\/h1>\t\t\t\t<\/div>\n\t\t\t\t<\/div>\n\t\t\t\t\t<\/div>\n\t\t<\/div>\n\t\t\t\t\t<\/div>\n\t\t<\/section>\n\t\t\t\t<section class=\"elementor-section elementor-top-section elementor-element elementor-element-201349a elementor-section-boxed elementor-section-height-default elementor-section-height-default\" data-id=\"201349a\" data-element_type=\"section\">\n\t\t\t\t\t\t\t<div class=\"elementor-background-overlay\"><\/div>\n\t\t\t\t\t\t\t<div class=\"elementor-container elementor-column-gap-default\">\n\t\t\t\t\t<div class=\"elementor-column elementor-col-100 elementor-top-column elementor-element elementor-element-985c37d\" data-id=\"985c37d\" data-element_type=\"column\">\n\t\t\t<div class=\"elementor-widget-wrap elementor-element-populated\">\n\t\t\t\t\t\t<div class=\"elementor-element elementor-element-efc3036 elementor-widget elementor-widget-text-editor\" data-id=\"efc3036\" data-element_type=\"widget\" data-widget_type=\"text-editor.default\">\n\t\t\t\t<div class=\"elementor-widget-container\">\n\t\t\t\t\t\t\t\t\t<h2><strong>Diese Seite wird derzeit \u00fcberarbeitet. F\u00fcr weitere Unterst\u00fctzung wenden Sie sich bitte an Ihren Ansprechpartner.<\/strong><\/h2><h2><strong>\u00a0<\/strong><\/h2>\t\t\t\t\t\t\t\t<\/div>\n\t\t\t\t<\/div>\n\t\t\t\t\t<\/div>\n\t\t<\/div>\n\t\t\t\t\t<\/div>\n\t\t<\/section>\n\t\t\t\t<section class=\"elementor-section elementor-top-section elementor-element elementor-element-b12daa6 elementor-section-boxed elementor-section-height-default elementor-section-height-default\" data-id=\"b12daa6\" data-element_type=\"section\">\n\t\t\t\t\t\t<div class=\"elementor-container elementor-column-gap-default\">\n\t\t\t\t\t<div class=\"elementor-column elementor-col-50 elementor-top-column elementor-element elementor-element-7deb4d4\" data-id=\"7deb4d4\" data-element_type=\"column\">\n\t\t\t<div class=\"elementor-widget-wrap elementor-element-populated\">\n\t\t\t\t\t\t<div class=\"elementor-element elementor-element-ad33cf3 elementor-icon-list--layout-traditional elementor-list-item-link-full_width elementor-widget elementor-widget-icon-list\" data-id=\"ad33cf3\" data-element_type=\"widget\" data-widget_type=\"icon-list.default\">\n\t\t\t\t<div class=\"elementor-widget-container\">\n\t\t\t\t\t\t\t<ul class=\"elementor-icon-list-items\">\n\t\t\t\t\t\t\t<li class=\"elementor-icon-list-item\">\n\t\t\t\t\t\t\t\t\t\t\t<span class=\"elementor-icon-list-icon\">\n\t\t\t\t\t\t\t<i aria-hidden=\"true\" class=\"icon icon-menu-button-of-three-horizontal-lines\"><\/i>\t\t\t\t\t\t<\/span>\n\t\t\t\t\t\t\t\t\t\t<span class=\"elementor-icon-list-text\">Reglement<\/span>\n\t\t\t\t\t\t\t\t\t<\/li>\n\t\t\t\t\t\t<\/ul>\n\t\t\t\t\t\t<\/div>\n\t\t\t\t<\/div>\n\t\t\t\t<div class=\"elementor-element elementor-element-030f097 elementor-widget elementor-widget-text-editor\" data-id=\"030f097\" data-element_type=\"widget\" data-settings=\"{&quot;_animation&quot;:&quot;none&quot;,&quot;_animation_tablet&quot;:&quot;fadeIn&quot;}\" data-widget_type=\"text-editor.default\">\n\t\t\t\t<div class=\"elementor-widget-container\">\n\t\t\t\t\t\t\t\t\t<p>Der Workflow f\u00fcr die Kontrolle der Grafikdateien in unserem automatisierten Inspektionssystem.<\/p>\t\t\t\t\t\t\t\t<\/div>\n\t\t\t\t<\/div>\n\t\t\t\t<div class=\"elementor-element elementor-element-e5e2247 elementor-mobile-align-center elementor-align-left elementor-icon-list--layout-traditional elementor-list-item-link-full_width elementor-widget elementor-widget-icon-list\" data-id=\"e5e2247\" data-element_type=\"widget\" data-widget_type=\"icon-list.default\">\n\t\t\t\t<div class=\"elementor-widget-container\">\n\t\t\t\t\t\t\t<ul class=\"elementor-icon-list-items\">\n\t\t\t\t\t\t\t<li class=\"elementor-icon-list-item\">\n\t\t\t\t\t\t\t\t\t\t\t<a href=\"\/wp-content\/uploads\/2023\/03\/PR_Datenabgabenregelung.pdf\" target=\"_blank\">\n\n\t\t\t\t\t\t\t\t\t\t\t<span class=\"elementor-icon-list-text\">PR Datenabgabenregelung<\/span>\n\t\t\t\t\t\t\t\t\t\t\t<\/a>\n\t\t\t\t\t\t\t\t\t<\/li>\n\t\t\t\t\t\t<\/ul>\n\t\t\t\t\t\t<\/div>\n\t\t\t\t<\/div>\n\t\t\t\t\t<\/div>\n\t\t<\/div>\n\t\t\t\t<div class=\"elementor-column elementor-col-50 elementor-top-column elementor-element elementor-element-40ab271\" data-id=\"40ab271\" data-element_type=\"column\">\n\t\t\t<div class=\"elementor-widget-wrap elementor-element-populated\">\n\t\t\t\t\t\t<div class=\"elementor-element elementor-element-8f2299a elementor-icon-list--layout-traditional elementor-list-item-link-full_width elementor-widget elementor-widget-icon-list\" data-id=\"8f2299a\" data-element_type=\"widget\" data-widget_type=\"icon-list.default\">\n\t\t\t\t<div class=\"elementor-widget-container\">\n\t\t\t\t\t\t\t<ul class=\"elementor-icon-list-items\">\n\t\t\t\t\t\t\t<li class=\"elementor-icon-list-item\">\n\t\t\t\t\t\t\t\t\t\t\t<span class=\"elementor-icon-list-icon\">\n\t\t\t\t\t\t\t<i aria-hidden=\"true\" class=\"far fa-building\"><\/i>\t\t\t\t\t\t<\/span>\n\t\t\t\t\t\t\t\t\t\t<span class=\"elementor-icon-list-text\">Hilfsmittel<\/span>\n\t\t\t\t\t\t\t\t\t<\/li>\n\t\t\t\t\t\t<\/ul>\n\t\t\t\t\t\t<\/div>\n\t\t\t\t<\/div>\n\t\t\t\t<div class=\"elementor-element elementor-element-9e25cae elementor-widget elementor-widget-text-editor\" data-id=\"9e25cae\" data-element_type=\"widget\" data-settings=\"{&quot;_animation&quot;:&quot;none&quot;,&quot;_animation_tablet&quot;:&quot;fadeIn&quot;}\" data-widget_type=\"text-editor.default\">\n\t\t\t\t<div class=\"elementor-widget-container\">\n\t\t\t\t\t\t\t\t\t<p>Programmbeschreibung zum Workflow. Mithilfe der Fehlercode-Tabelle k\u00f6nnen Sie alle w\u00e4hrend des Audits festgestellten Fehler beheben und die Fehlerursache erl\u00e4utern.<\/p>\t\t\t\t\t\t\t\t<\/div>\n\t\t\t\t<\/div>\n\t\t\t\t<div class=\"elementor-element elementor-element-26e5a75 elementor-mobile-align-center elementor-align-left elementor-icon-list--layout-traditional elementor-list-item-link-full_width elementor-widget elementor-widget-icon-list\" data-id=\"26e5a75\" data-element_type=\"widget\" data-widget_type=\"icon-list.default\">\n\t\t\t\t<div class=\"elementor-widget-container\">\n\t\t\t\t\t\t\t<ul class=\"elementor-icon-list-items\">\n\t\t\t\t\t\t\t<li class=\"elementor-icon-list-item\">\n\t\t\t\t\t\t\t\t\t\t\t<a href=\"\/wp-content\/uploads\/2023\/03\/PR_ESKO_WebCenter_Beschreibung.pdf\" target=\"_blank\">\n\n\t\t\t\t\t\t\t\t\t\t\t<span class=\"elementor-icon-list-text\">PR Webcenter Hilfsmittel Anhang Nr.5<\/span>\n\t\t\t\t\t\t\t\t\t\t\t<\/a>\n\t\t\t\t\t\t\t\t\t<\/li>\n\t\t\t\t\t\t\t\t<li class=\"elementor-icon-list-item\">\n\t\t\t\t\t\t\t\t\t\t\t<a href=\"\/wp-content\/uploads\/2023\/03\/Erlaeuterung-der-PR-Fehlerkode.xlsx\" target=\"_blank\">\n\n\t\t\t\t\t\t\t\t\t\t\t<span class=\"elementor-icon-list-text\">Erl\u00e4uterung der PR Fehlerkode<\/span>\n\t\t\t\t\t\t\t\t\t\t\t<\/a>\n\t\t\t\t\t\t\t\t\t<\/li>\n\t\t\t\t\t\t<\/ul>\n\t\t\t\t\t\t<\/div>\n\t\t\t\t<\/div>\n\t\t\t\t\t<\/div>\n\t\t<\/div>\n\t\t\t\t\t<\/div>\n\t\t<\/section>\n\t\t\t\t<section class=\"elementor-section elementor-top-section elementor-element elementor-element-c43d9e4 elementor-section-boxed elementor-section-height-default elementor-section-height-default\" data-id=\"c43d9e4\" data-element_type=\"section\">\n\t\t\t\t\t\t<div class=\"elementor-container elementor-column-gap-default\">\n\t\t\t\t\t<div class=\"elementor-column elementor-col-50 elementor-top-column elementor-element elementor-element-dcea39f\" data-id=\"dcea39f\" data-element_type=\"column\">\n\t\t\t<div class=\"elementor-widget-wrap elementor-element-populated\">\n\t\t\t\t\t\t<div class=\"elementor-element elementor-element-9160251 elementor-icon-list--layout-traditional elementor-list-item-link-full_width elementor-widget elementor-widget-icon-list\" data-id=\"9160251\" data-element_type=\"widget\" data-widget_type=\"icon-list.default\">\n\t\t\t\t<div class=\"elementor-widget-container\">\n\t\t\t\t\t\t\t<ul class=\"elementor-icon-list-items\">\n\t\t\t\t\t\t\t<li class=\"elementor-icon-list-item\">\n\t\t\t\t\t\t\t\t\t\t\t<span class=\"elementor-icon-list-icon\">\n\t\t\t\t\t\t\t<i aria-hidden=\"true\" class=\"fas fa-paperclip\"><\/i>\t\t\t\t\t\t<\/span>\n\t\t\t\t\t\t\t\t\t\t<span class=\"elementor-icon-list-text\">Anh\u00e4nge<\/span>\n\t\t\t\t\t\t\t\t\t<\/li>\n\t\t\t\t\t\t<\/ul>\n\t\t\t\t\t\t<\/div>\n\t\t\t\t<\/div>\n\t\t\t\t<div class=\"elementor-element elementor-element-d2f8073 elementor-widget elementor-widget-text-editor\" data-id=\"d2f8073\" data-element_type=\"widget\" data-settings=\"{&quot;_animation&quot;:&quot;none&quot;,&quot;_animation_tablet&quot;:&quot;fadeIn&quot;}\" data-widget_type=\"text-editor.default\">\n\t\t\t\t<div class=\"elementor-widget-container\">\n\t\t\t\t\t\t\t\t\t<p>Enth\u00e4lt wichtige Informationen zur Datenabgabe. Die Grundlagen der Vorbereitung und die wichtigsten Schritte zur Bereitstellung einer guten Datenabgabe. Worauf Sie achten m\u00fcssen!<\/p>\t\t\t\t\t\t\t\t<\/div>\n\t\t\t\t<\/div>\n\t\t\t\t<div class=\"elementor-element elementor-element-c82e17f elementor-mobile-align-center elementor-align-left elementor-icon-list--layout-traditional elementor-list-item-link-full_width elementor-widget elementor-widget-icon-list\" data-id=\"c82e17f\" data-element_type=\"widget\" data-widget_type=\"icon-list.default\">\n\t\t\t\t<div class=\"elementor-widget-container\">\n\t\t\t\t\t\t\t<ul class=\"elementor-icon-list-items\">\n\t\t\t\t\t\t\t<li class=\"elementor-icon-list-item\">\n\t\t\t\t\t\t\t\t\t\t\t<a href=\"\/wp-content\/uploads\/2023\/03\/PR_Technische-Erwartungen_Anhang_Nr-1.pdf\" target=\"_blank\">\n\n\t\t\t\t\t\t\t\t\t\t\t<span class=\"elementor-icon-list-text\">PR Technische Erwartungen Anhang Nr.1<\/span>\n\t\t\t\t\t\t\t\t\t\t\t<\/a>\n\t\t\t\t\t\t\t\t\t<\/li>\n\t\t\t\t\t\t\t\t<li class=\"elementor-icon-list-item\">\n\t\t\t\t\t\t\t\t\t\t\t<a href=\"\/wp-content\/uploads\/2023\/03\/PR_Drucktechnische_Unterlage_Anhang_Nr-2.pdf\" target=\"_blank\">\n\n\t\t\t\t\t\t\t\t\t\t\t<span class=\"elementor-icon-list-text\">PR Drucktechnische Unterlage Anhang Nr.2<\/span>\n\t\t\t\t\t\t\t\t\t\t\t<\/a>\n\t\t\t\t\t\t\t\t\t<\/li>\n\t\t\t\t\t\t\t\t<li class=\"elementor-icon-list-item\">\n\t\t\t\t\t\t\t\t\t\t\t<a href=\"\/wp-content\/uploads\/2023\/03\/PR_Unterlage_fuer_PDF_Kontrolle_Anhang_Nr-3.pdf\" target=\"_blank\">\n\n\t\t\t\t\t\t\t\t\t\t\t<span class=\"elementor-icon-list-text\">PR Unterlage f\u00fcr PDF Kontrolle Anhang Nr.3<\/span>\n\t\t\t\t\t\t\t\t\t\t\t<\/a>\n\t\t\t\t\t\t\t\t\t<\/li>\n\t\t\t\t\t\t\t\t<li class=\"elementor-icon-list-item\">\n\t\t\t\t\t\t\t\t\t\t\t<a href=\"\/wp-content\/uploads\/2023\/03\/PR_Unterlage_fuer_PDF_schreiben_Anhang_Nr-4.pdf\" target=\"_blank\">\n\n\t\t\t\t\t\t\t\t\t\t\t<span class=\"elementor-icon-list-text\">PR Unterlage f\u00fcr PDF schreiben Anhang Nr.4<\/span>\n\t\t\t\t\t\t\t\t\t\t\t<\/a>\n\t\t\t\t\t\t\t\t\t<\/li>\n\t\t\t\t\t\t<\/ul>\n\t\t\t\t\t\t<\/div>\n\t\t\t\t<\/div>\n\t\t\t\t\t<\/div>\n\t\t<\/div>\n\t\t\t\t<div class=\"elementor-column elementor-col-50 elementor-top-column elementor-element elementor-element-09cf43f\" data-id=\"09cf43f\" data-element_type=\"column\">\n\t\t\t<div class=\"elementor-widget-wrap elementor-element-populated\">\n\t\t\t\t\t\t<div class=\"elementor-element elementor-element-ffa6b47 elementor-icon-list--layout-traditional elementor-list-item-link-full_width elementor-widget elementor-widget-icon-list\" data-id=\"ffa6b47\" data-element_type=\"widget\" data-widget_type=\"icon-list.default\">\n\t\t\t\t<div class=\"elementor-widget-container\">\n\t\t\t\t\t\t\t<ul class=\"elementor-icon-list-items\">\n\t\t\t\t\t\t\t<li class=\"elementor-icon-list-item\">\n\t\t\t\t\t\t\t\t\t\t\t<span class=\"elementor-icon-list-icon\">\n\t\t\t\t\t\t\t<i aria-hidden=\"true\" class=\"fas fa-search\"><\/i>\t\t\t\t\t\t<\/span>\n\t\t\t\t\t\t\t\t\t\t<span class=\"elementor-icon-list-text\">      Kontrollprofile<\/span>\n\t\t\t\t\t\t\t\t\t<\/li>\n\t\t\t\t\t\t<\/ul>\n\t\t\t\t\t\t<\/div>\n\t\t\t\t<\/div>\n\t\t\t\t<div class=\"elementor-element elementor-element-3c05999 elementor-widget elementor-widget-text-editor\" data-id=\"3c05999\" data-element_type=\"widget\" data-settings=\"{&quot;_animation&quot;:&quot;none&quot;,&quot;_animation_tablet&quot;:&quot;fadeIn&quot;}\" data-widget_type=\"text-editor.default\">\n\t\t\t\t<div class=\"elementor-widget-container\">\n\t\t\t\t\t\t\t\t\t<p>Sie k\u00f6nnen die Grafikdatei auf Ihrem eigenen Computer mit dem von uns verwendeten Steuerungsprofil \u00fcberpr\u00fcfen. PitStop- und Acrobat XI-Profile sind verf\u00fcgbar. F\u00fcr Benutzer mit fr\u00fcheren Versionen von Acrobat gibt es eine Anleitung zur Erstellung von Schwarz- und Farbprofilen.<\/p>\t\t\t\t\t\t\t\t<\/div>\n\t\t\t\t<\/div>\n\t\t\t\t<div class=\"elementor-element elementor-element-5033672 elementor-mobile-align-center elementor-align-left elementor-icon-list--layout-traditional elementor-list-item-link-full_width elementor-widget elementor-widget-icon-list\" data-id=\"5033672\" data-element_type=\"widget\" data-widget_type=\"icon-list.default\">\n\t\t\t\t<div class=\"elementor-widget-container\">\n\t\t\t\t\t\t\t<ul class=\"elementor-icon-list-items\">\n\t\t\t\t\t\t\t<li class=\"elementor-icon-list-item\">\n\t\t\t\t\t\t\t\t\t\t\t<a href=\"https:\/\/primerate-printing.code4flow.com\/wp-content\/uploads\/2023\/03\/PrimeRate_Preflight_Profil_2.2.zip\" target=\"_blank\">\n\n\t\t\t\t\t\t\t\t\t\t\t<span class=\"elementor-icon-list-text\">PR_PitStop_Preflight_Profil<\/span>\n\t\t\t\t\t\t\t\t\t\t\t<\/a>\n\t\t\t\t\t\t\t\t\t<\/li>\n\t\t\t\t\t\t\t\t<li class=\"elementor-icon-list-item\">\n\t\t\t\t\t\t\t\t\t\t\t<a href=\"https:\/\/primerate-printing.code4flow.com\/wp-content\/uploads\/2023\/03\/PrimeRate_Preflight_Profil_2.2_Verify.zip\" target=\"_blank\">\n\n\t\t\t\t\t\t\t\t\t\t\t<span class=\"elementor-icon-list-text\">PR_PitStop_Preflight_Profil_Verify<\/span>\n\t\t\t\t\t\t\t\t\t\t\t<\/a>\n\t\t\t\t\t\t\t\t\t<\/li>\n\t\t\t\t\t\t\t\t<li class=\"elementor-icon-list-item\">\n\t\t\t\t\t\t\t\t\t\t\t<a href=\"https:\/\/primerate-printing.code4flow.com\/wp-content\/uploads\/2023\/03\/PR_Acrobat_Preflight_Profil_schwarz.zip\" target=\"_blank\">\n\n\t\t\t\t\t\t\t\t\t\t\t<span class=\"elementor-icon-list-text\">PR_Acrobat_Preflight_Profil_schwarz<\/span>\n\t\t\t\t\t\t\t\t\t\t\t<\/a>\n\t\t\t\t\t\t\t\t\t<\/li>\n\t\t\t\t\t\t\t\t<li class=\"elementor-icon-list-item\">\n\t\t\t\t\t\t\t\t\t\t\t<a href=\"https:\/\/primerate-printing.code4flow.com\/wp-content\/uploads\/2023\/03\/PR_Acrobat_Preflight_Profil_farbig.zip\" target=\"_blank\">\n\n\t\t\t\t\t\t\t\t\t\t\t<span class=\"elementor-icon-list-text\">PR_Acrobat_Preflight_Profil_farbig<\/span>\n\t\t\t\t\t\t\t\t\t\t\t<\/a>\n\t\t\t\t\t\t\t\t\t<\/li>\n\t\t\t\t\t\t\t\t<li class=\"elementor-icon-list-item\">\n\t\t\t\t\t\t\t\t\t\t\t<a href=\"https:\/\/primerate-printing.code4flow.com\/wp-content\/uploads\/2023\/03\/PR_Einstellungen_von_Preflight_Acrobat_vXI_schwarz.pdf\" target=\"_blank\">\n\n\t\t\t\t\t\t\t\t\t\t\t<span class=\"elementor-icon-list-text\">PR Einstellungen von Preflight Acrobat vXI schwarz<\/span>\n\t\t\t\t\t\t\t\t\t\t\t<\/a>\n\t\t\t\t\t\t\t\t\t<\/li>\n\t\t\t\t\t\t\t\t<li class=\"elementor-icon-list-item\">\n\t\t\t\t\t\t\t\t\t\t\t<a href=\"https:\/\/primerate-printing.code4flow.com\/wp-content\/uploads\/2023\/03\/PR_Einstellungen_von_Preflight_Acrobat_vXI_farbig.pdf\" target=\"_blank\">\n\n\t\t\t\t\t\t\t\t\t\t\t<span class=\"elementor-icon-list-text\">PR Einstellungen von Preflight Acrobat vXI farbig<\/span>\n\t\t\t\t\t\t\t\t\t\t\t<\/a>\n\t\t\t\t\t\t\t\t\t<\/li>\n\t\t\t\t\t\t<\/ul>\n\t\t\t\t\t\t<\/div>\n\t\t\t\t<\/div>\n\t\t\t\t\t<\/div>\n\t\t<\/div>\n\t\t\t\t\t<\/div>\n\t\t<\/section>\n\t\t\t\t<\/div>","protected":false},"excerpt":{"rendered":"<p>Guide to prepare your print-ready PDF Work in progress, please come back later. \u00a0 Reglement Der Workflow f\u00fcr die Kontrolle der Grafikdateien in unserem automatisierten Inspektionssystem. PR Datenabgabenregelung Hilfsmittel Programmbeschreibung zum Workflow. Mithilfe der Fehlercode-Tabelle k\u00f6nnen Sie alle w\u00e4hrend des Audits festgestellten Fehler beheben und die Fehlerursache erl\u00e4utern. PR Webcenter Hilfsmittel Anhang Nr.5 Erl\u00e4uterung der [&hellip;]<\/p>","protected":false},"author":2,"featured_media":0,"parent":0,"menu_order":0,"comment_status":"closed","ping_status":"closed","template":"elementor_header_footer","meta":{"footnotes":""},"class_list":["post-11934","page","type-page","status-publish","hentry"],"yoast_head":"<!-- This site is optimized with the Yoast SEO plugin v26.4 - https:\/\/yoast.com\/wordpress\/plugins\/seo\/ -->\n<title>Guide to prepare your print-ready PDF 2 - PrimeRate Printing<\/title>\n<meta name=\"robots\" content=\"noindex, nofollow\" \/>\n<meta property=\"og:locale\" content=\"de_DE\" \/>\n<meta property=\"og:type\" content=\"article\" \/>\n<meta property=\"og:title\" content=\"Guide to prepare your print-ready PDF 2 - PrimeRate Printing\" \/>\n<meta property=\"og:description\" content=\"Guide to prepare your print-ready PDF Work in progress, please come back later. \u00a0 Reglement Der Workflow f\u00fcr die Kontrolle der Grafikdateien in unserem automatisierten Inspektionssystem. PR Datenabgabenregelung Hilfsmittel Programmbeschreibung zum Workflow. Mithilfe der Fehlercode-Tabelle k\u00f6nnen Sie alle w\u00e4hrend des Audits festgestellten Fehler beheben und die Fehlerursache erl\u00e4utern. PR Webcenter Hilfsmittel Anhang Nr.5 Erl\u00e4uterung der [&hellip;]\" \/>\n<meta property=\"og:url\" content=\"https:\/\/primerate-printing.code4flow.com\/de\/anleitung-zur-datenabgabe-2\/\" \/>\n<meta property=\"og:site_name\" content=\"PrimeRate Printing\" \/>\n<meta property=\"article:modified_time\" content=\"2024-06-18T16:57:35+00:00\" \/>\n<meta name=\"twitter:card\" content=\"summary_large_image\" \/>\n<meta name=\"twitter:label1\" content=\"Gesch\u00e4tzte Lesezeit\" \/>\n\t<meta name=\"twitter:data1\" content=\"1\u00a0Minute\" \/>\n<script type=\"application\/ld+json\" class=\"yoast-schema-graph\">{\"@context\":\"https:\/\/schema.org\",\"@graph\":[{\"@type\":\"WebPage\",\"@id\":\"https:\/\/primerate-printing.code4flow.com\/guide-to-prepare-your-print-ready-pdf-2\/\",\"url\":\"https:\/\/primerate-printing.code4flow.com\/guide-to-prepare-your-print-ready-pdf-2\/\",\"name\":\"Guide to prepare your print-ready PDF 2 - PrimeRate Printing\",\"isPartOf\":{\"@id\":\"https:\/\/primerate-printing.code4flow.com\/#website\"},\"datePublished\":\"2023-10-12T13:52:08+00:00\",\"dateModified\":\"2024-06-18T16:57:35+00:00\",\"inLanguage\":\"de\",\"potentialAction\":[{\"@type\":\"ReadAction\",\"target\":[\"https:\/\/primerate-printing.code4flow.com\/guide-to-prepare-your-print-ready-pdf-2\/\"]}]},{\"@type\":\"WebSite\",\"@id\":\"https:\/\/primerate-printing.code4flow.com\/#website\",\"url\":\"https:\/\/primerate-printing.code4flow.com\/\",\"name\":\"PrimeRate Printing\",\"description\":\"Full range of printing services\",\"publisher\":{\"@id\":\"https:\/\/primerate-printing.code4flow.com\/#organization\"},\"potentialAction\":[{\"@type\":\"SearchAction\",\"target\":{\"@type\":\"EntryPoint\",\"urlTemplate\":\"https:\/\/primerate-printing.code4flow.com\/?s={search_term_string}\"},\"query-input\":{\"@type\":\"PropertyValueSpecification\",\"valueRequired\":true,\"valueName\":\"search_term_string\"}}],\"inLanguage\":\"de\"},{\"@type\":\"Organization\",\"@id\":\"https:\/\/primerate-printing.code4flow.com\/#organization\",\"name\":\"PrimeRate Printing\",\"url\":\"https:\/\/primerate-printing.code4flow.com\/\",\"logo\":{\"@type\":\"ImageObject\",\"inLanguage\":\"de\",\"@id\":\"https:\/\/primerate-printing.code4flow.com\/#\/schema\/logo\/image\/\",\"url\":\"https:\/\/primerate-printing.code4flow.com\/wp-content\/uploads\/2022\/03\/primerate_white.png\",\"contentUrl\":\"https:\/\/primerate-printing.code4flow.com\/wp-content\/uploads\/2022\/03\/primerate_white.png\",\"width\":1103,\"height\":209,\"caption\":\"PrimeRate Printing\"},\"image\":{\"@id\":\"https:\/\/primerate-printing.code4flow.com\/#\/schema\/logo\/image\/\"}}]}<\/script>\n<!-- \/ Yoast SEO plugin. -->","yoast_head_json":{"title":"Guide to prepare your print-ready PDF 2 - PrimeRate Printing","robots":{"index":"noindex","follow":"nofollow"},"og_locale":"de_DE","og_type":"article","og_title":"Guide to prepare your print-ready PDF 2 - PrimeRate Printing","og_description":"Guide to prepare your print-ready PDF Work in progress, please come back later. \u00a0 Reglement Der Workflow f\u00fcr die Kontrolle der Grafikdateien in unserem automatisierten Inspektionssystem. PR Datenabgabenregelung Hilfsmittel Programmbeschreibung zum Workflow. Mithilfe der Fehlercode-Tabelle k\u00f6nnen Sie alle w\u00e4hrend des Audits festgestellten Fehler beheben und die Fehlerursache erl\u00e4utern. PR Webcenter Hilfsmittel Anhang Nr.5 Erl\u00e4uterung der [&hellip;]","og_url":"https:\/\/primerate-printing.code4flow.com\/de\/anleitung-zur-datenabgabe-2\/","og_site_name":"PrimeRate Printing","article_modified_time":"2024-06-18T16:57:35+00:00","twitter_card":"summary_large_image","twitter_misc":{"Gesch\u00e4tzte Lesezeit":"1\u00a0Minute"},"schema":{"@context":"https:\/\/schema.org","@graph":[{"@type":"WebPage","@id":"https:\/\/primerate-printing.code4flow.com\/guide-to-prepare-your-print-ready-pdf-2\/","url":"https:\/\/primerate-printing.code4flow.com\/guide-to-prepare-your-print-ready-pdf-2\/","name":"Guide to prepare your print-ready PDF 2 - PrimeRate Printing","isPartOf":{"@id":"https:\/\/primerate-printing.code4flow.com\/#website"},"datePublished":"2023-10-12T13:52:08+00:00","dateModified":"2024-06-18T16:57:35+00:00","inLanguage":"de","potentialAction":[{"@type":"ReadAction","target":["https:\/\/primerate-printing.code4flow.com\/guide-to-prepare-your-print-ready-pdf-2\/"]}]},{"@type":"WebSite","@id":"https:\/\/primerate-printing.code4flow.com\/#website","url":"https:\/\/primerate-printing.code4flow.com\/","name":"PrimeRate Printing","description":"Full range of printing services","publisher":{"@id":"https:\/\/primerate-printing.code4flow.com\/#organization"},"potentialAction":[{"@type":"SearchAction","target":{"@type":"EntryPoint","urlTemplate":"https:\/\/primerate-printing.code4flow.com\/?s={search_term_string}"},"query-input":{"@type":"PropertyValueSpecification","valueRequired":true,"valueName":"search_term_string"}}],"inLanguage":"de"},{"@type":"Organization","@id":"https:\/\/primerate-printing.code4flow.com\/#organization","name":"PrimeRate Printing","url":"https:\/\/primerate-printing.code4flow.com\/","logo":{"@type":"ImageObject","inLanguage":"de","@id":"https:\/\/primerate-printing.code4flow.com\/#\/schema\/logo\/image\/","url":"https:\/\/primerate-printing.code4flow.com\/wp-content\/uploads\/2022\/03\/primerate_white.png","contentUrl":"https:\/\/primerate-printing.code4flow.com\/wp-content\/uploads\/2022\/03\/primerate_white.png","width":1103,"height":209,"caption":"PrimeRate Printing"},"image":{"@id":"https:\/\/primerate-printing.code4flow.com\/#\/schema\/logo\/image\/"}}]}},"_links":{"self":[{"href":"https:\/\/primerate-printing.code4flow.com\/de\/wp-json\/wp\/v2\/pages\/11934","targetHints":{"allow":["GET"]}}],"collection":[{"href":"https:\/\/primerate-printing.code4flow.com\/de\/wp-json\/wp\/v2\/pages"}],"about":[{"href":"https:\/\/primerate-printing.code4flow.com\/de\/wp-json\/wp\/v2\/types\/page"}],"author":[{"embeddable":true,"href":"https:\/\/primerate-printing.code4flow.com\/de\/wp-json\/wp\/v2\/users\/2"}],"replies":[{"embeddable":true,"href":"https:\/\/primerate-printing.code4flow.com\/de\/wp-json\/wp\/v2\/comments?post=11934"}],"version-history":[{"count":119,"href":"https:\/\/primerate-printing.code4flow.com\/de\/wp-json\/wp\/v2\/pages\/11934\/revisions"}],"predecessor-version":[{"id":14417,"href":"https:\/\/primerate-printing.code4flow.com\/de\/wp-json\/wp\/v2\/pages\/11934\/revisions\/14417"}],"wp:attachment":[{"href":"https:\/\/primerate-printing.code4flow.com\/de\/wp-json\/wp\/v2\/media?parent=11934"}],"curies":[{"name":"wp","href":"https:\/\/api.w.org\/{rel}","templated":true}]}}